{"id":6039,"date":"2021-01-13T20:34:45","date_gmt":"2021-01-13T16:34:45","guid":{"rendered":"https:\/\/cote-sud.mu\/privacy-policy\/"},"modified":"2021-01-22T01:37:04","modified_gmt":"2021-01-21T21:37:04","slug":"privacy-policy","status":"publish","type":"page","link":"https:\/\/cote-sud.mu\/en\/privacy-policy\/","title":{"rendered":"Privacy policy"},"content":{"rendered":"\n<h3 class=\"wp-block-heading\">SITE EDITOR<\/h3>\n\n<p>ACH CONSEIL LTEE<\/p>\n\n<p>BRN : C13119856<\/p>\n\n<p>Si\u00e8ge social<br\/>Royal Raod &#8211; Baie di Cap &#8211; Mauritius<\/p>\n\n<p>T\u00e9l:\u00a0+230 622 11 39<\/p>\n\n<p><a href=\"contact@cote-sud.mu\"><\/a><a href=\"mailto:contact@cote-sud.mu\">contact@cote-sud.mu<\/a><\/p>\n\n<p>Director of publication: Hippolyte BOUIGUE &#8211; Managing Director<\/p>\n\n<p>For any comments relating to the operation of the site, please send an email to the site administrator: <a href=\"mailto:contact@cote-sud.mu\"> contact@cote-sud.mu <\/a><\/p>\n\n<h3 class=\"wp-block-heading\">LINKS TO EXTERNAL SITES<\/h3>\n\n<p>The website <a href=\"https:\/\/cote-sud.mu\/wp-admin\"> <\/a> <a href=\"https:\/\/cote-sud.mu\/wp-admin\"> https: \/ \/cote-sud.mu\/ <\/a> contains links to sites managed by third parties. These links are provided for your convenience only.<\/p>\n\n<p><a href=\"https:\/\/cote-sud.mu\/wp-admin\"> <\/a> <a href=\"https:\/\/cote-sud.mu\/wp-admin\"> https: \/\/ cote- sud.mu\/ <\/a> has no control over these sites and assumes no responsibility for their content.<\/p>\n\n<h3 class=\"wp-block-heading\">PERSONAL DATA<\/h3>\n\n<p>Pursuant to Law No. 78-19 of January 6, 1978, you have the right to access, oppose and rectify data concerning you. You can exercise this right at any time by sending your request online: <a href=\"mailto:contact@anbalaba.com\"> <\/a> <a href=\"mailto:contact@cote-sud.mu\"> contact @ cote-sud.mu <\/a><\/p>\n\n<h3 class=\"wp-block-heading\">COOKIES<\/h3>\n\n<p>This site uses cookies to improve your browsing experience.<\/p>\n\n<h3 class=\"wp-block-heading\">PHOTO CREDITS<\/h3>\n\n<p><a href=\"https:\/\/anbalaba.com\/\" target=\"_blank\" rel=\"noreferrer noopener\">Anbalaba<\/a><\/p>\n\n<p><a href=\"https:\/\/www.facebook.com\/jasheel\" target=\"_blank\" rel=\"noreferrer noopener\">Jasheel Ramphul<\/a><\/p>\n\n<p><a href=\"https:\/\/www.shutterstock.com\/fr\" target=\"_blank\" rel=\"noreferrer noopener\">Adobe Stock<\/a><\/p>\n\n<h3 class=\"wp-block-heading\">WEBSITE<\/h3>\n\n<p>Design &#8211; realization: <a href=\"http:\/\/extension-interactive.com\/\" target=\"_blank\" rel=\"noreferrer noopener\"> Wink Strategies \/ <\/a> <a href=\"https: \/\/ themeforest. net \/ \"> Theme Forest <\/a> <br\/> Hosting: <a href=\"https:\/\/www.ovh.com\/en\" target=\"_blank\" rel=\"noreferrer noopener\"> ovh <\/a><\/p>\n\n<h3 class=\"wp-block-heading\">COOKIES POLICY<\/h3>\n\n<p>When you visit our cote-sud.mu, cookies are placed on your computer.&#13;\n<\/p>\n\n<p>A cookie is a text file placed on your computer when visiting a site (or viewing an advertisement).<\/p>\n\n<p>Cookies are managed by your internet browser.<\/p>\n\n<p>The cookies placed by cote-sud.mu on your terminal meet navigation and service optimization needs on our site.<\/p>\n\n<p>You can choose to disable these cookies at any time. Your browser can also be configured to notify you of the cookies that are placed on your computer and ask you to accept them or not.<\/p>\n\n<p>We remind you that the settings are likely to modify your conditions of access to our content and services requiring the use of cookies.<\/p>\n\n<p>If your browser is configured to refuse all cookies, you will not be able to take advantage of some of our services.<\/p>\n\n<h3 class=\"wp-block-heading\">SETTING UP COOKIES IN YOUR BROWSER<\/h3>\n\n<h4 class=\"wp-block-heading\">INTERNET EXPLORER<\/h4>\n\n<p>In Internet Explorer, click the Tools button, then Internet Options. <br\/> On the General tab, under Browsing history, click Settings. <br\/> Click the View files button.<\/p>\n\n<h4 class=\"wp-block-heading\">FIREFOX<\/h4>\n\n<p>Go to the Tools tab of the browser then select the Options menu<\/p>\n\n<p>In the window that appears, choose Privacy and click on &#13;\nShow cookies<\/p>\n\n<h4 class=\"wp-block-heading\">SAFARI<\/h4>\n\n<p>In your browser, choose the menu Edit &amp; gt; Preferences. <br\/> Click on Security. <br\/> Click on Show cookies.<\/p>\n\n<h4 class=\"wp-block-heading\">GOOGLE CHROME<\/h4>\n\n<p>Click on the Tools menu icon. <br\/> Select Options. <br\/> Click on the Advanced options tab and go to the Privacy section. <br\/> Click on the Show cookies button.<\/p>\n","protected":false},"excerpt":{"rendered":"<p>SITE EDITOR ACH CONSEIL LTEE BRN : C13119856 Si\u00e8ge socialRoyal Raod &#8211; Baie di Cap &#8211; Mauritius T\u00e9l:\u00a0+230 622 11 39 contact@cote-sud.mu Director of publication: Hippolyte BOUIGUE &#8211; Managing Director For any comments relating to the operation of the site, please send an email to the site administrator: contact@cote-sud.mu LINKS TO EXTERNAL SITES The website&#8230;<\/p>\n","protected":false},"author":7,"featured_media":0,"parent":0,"menu_order":0,"comment_status":"closed","ping_status":"open","template":"","meta":{"footnotes":""},"class_list":["post-6039","page","type-page","status-publish","hentry"],"yoast_head":"<!-- This site is optimized with the Yoast SEO plugin v27.3 - https:\/\/yoast.com\/product\/yoast-seo-wordpress\/ -->\n<title>C\u00f4t\u00e9 Sud Mauritius - ACH Conseil - Real Estate Agency<\/title>\n<meta name=\"description\" content=\"C\u00f4t\u00e9 Sud Mauritius - ACH Conseil - Real Estate Agency dedicated to the south of Mauritius for selling, buying and renting real estate\" \/>\n<meta name=\"robots\" content=\"index, follow, max-snippet:-1, max-image-preview:large, max-video-preview:-1\" \/>\n<link rel=\"canonical\" href=\"https:\/\/cote-sud.mu\/en\/privacy-policy\/\" \/>\n<meta property=\"og:locale\" content=\"en_US\" \/>\n<meta property=\"og:type\" content=\"article\" \/>\n<meta property=\"og:title\" content=\"C\u00f4t\u00e9 Sud Mauritius - ACH Conseil - Real Estate Agency\" \/>\n<meta property=\"og:description\" content=\"C\u00f4t\u00e9 Sud Mauritius - ACH Conseil - Real Estate Agency dedicated to the south of Mauritius for selling, buying and renting real estate\" \/>\n<meta property=\"og:url\" content=\"https:\/\/cote-sud.mu\/en\/privacy-policy\/\" \/>\n<meta property=\"og:site_name\" content=\"C\u00f4t\u00e9 Sud\" \/>\n<meta property=\"article:publisher\" content=\"https:\/\/www.facebook.com\/cotesudmaurice\" \/>\n<meta property=\"article:modified_time\" content=\"2021-01-21T21:37:04+00:00\" \/>\n<meta name=\"twitter:card\" content=\"summary_large_image\" \/>\n<meta name=\"twitter:label1\" content=\"Est. reading time\" \/>\n\t<meta name=\"twitter:data1\" content=\"2 minutes\" \/>\n<script type=\"application\/ld+json\" class=\"yoast-schema-graph\">{\"@context\":\"https:\\\/\\\/schema.org\",\"@graph\":[{\"@type\":\"WebPage\",\"@id\":\"https:\\\/\\\/cote-sud.mu\\\/en\\\/privacy-policy\\\/\",\"url\":\"https:\\\/\\\/cote-sud.mu\\\/en\\\/privacy-policy\\\/\",\"name\":\"C\u00f4t\u00e9 Sud Mauritius - ACH Conseil - Real Estate Agency\",\"isPartOf\":{\"@id\":\"https:\\\/\\\/cote-sud.mu\\\/en\\\/#website\"},\"datePublished\":\"2021-01-13T16:34:45+00:00\",\"dateModified\":\"2021-01-21T21:37:04+00:00\",\"description\":\"C\u00f4t\u00e9 Sud Mauritius - ACH Conseil - Real Estate Agency dedicated to the south of Mauritius for selling, buying and renting real estate\",\"breadcrumb\":{\"@id\":\"https:\\\/\\\/cote-sud.mu\\\/en\\\/privacy-policy\\\/#breadcrumb\"},\"inLanguage\":\"en-US\",\"potentialAction\":[{\"@type\":\"ReadAction\",\"target\":[\"https:\\\/\\\/cote-sud.mu\\\/en\\\/privacy-policy\\\/\"]}]},{\"@type\":\"BreadcrumbList\",\"@id\":\"https:\\\/\\\/cote-sud.mu\\\/en\\\/privacy-policy\\\/#breadcrumb\",\"itemListElement\":[{\"@type\":\"ListItem\",\"position\":1,\"name\":\"Accueil\",\"item\":\"https:\\\/\\\/cote-sud.mu\\\/en\\\/home\\\/\"},{\"@type\":\"ListItem\",\"position\":2,\"name\":\"Privacy policy\"}]},{\"@type\":\"WebSite\",\"@id\":\"https:\\\/\\\/cote-sud.mu\\\/en\\\/#website\",\"url\":\"https:\\\/\\\/cote-sud.mu\\\/en\\\/\",\"name\":\"C\u00f4t\u00e9 Sud\",\"description\":\"Southern Mauritius Real Estate Agency\",\"publisher\":{\"@id\":\"https:\\\/\\\/cote-sud.mu\\\/en\\\/#organization\"},\"potentialAction\":[{\"@type\":\"SearchAction\",\"target\":{\"@type\":\"EntryPoint\",\"urlTemplate\":\"https:\\\/\\\/cote-sud.mu\\\/en\\\/?s={search_term_string}\"},\"query-input\":{\"@type\":\"PropertyValueSpecification\",\"valueRequired\":true,\"valueName\":\"search_term_string\"}}],\"inLanguage\":\"en-US\"},{\"@type\":\"Organization\",\"@id\":\"https:\\\/\\\/cote-sud.mu\\\/en\\\/#organization\",\"name\":\"C\u00f4t\u00e9 Sud\",\"url\":\"https:\\\/\\\/cote-sud.mu\\\/en\\\/\",\"logo\":{\"@type\":\"ImageObject\",\"inLanguage\":\"en-US\",\"@id\":\"https:\\\/\\\/cote-sud.mu\\\/en\\\/#\\\/schema\\\/logo\\\/image\\\/\",\"url\":\"https:\\\/\\\/cote-sud.mu\\\/wp-content\\\/uploads\\\/2021\\\/09\\\/logo-cote-sud-3.jpg\",\"contentUrl\":\"https:\\\/\\\/cote-sud.mu\\\/wp-content\\\/uploads\\\/2021\\\/09\\\/logo-cote-sud-3.jpg\",\"width\":2480,\"height\":2476,\"caption\":\"C\u00f4t\u00e9 Sud\"},\"image\":{\"@id\":\"https:\\\/\\\/cote-sud.mu\\\/en\\\/#\\\/schema\\\/logo\\\/image\\\/\"},\"sameAs\":[\"https:\\\/\\\/www.facebook.com\\\/cotesudmaurice\",\"https:\\\/\\\/www.instagram.com\\\/cotesudmaurice\\\/?hl=fr\"]}]}<\/script>\n<!-- \/ Yoast SEO plugin. -->","yoast_head_json":{"title":"C\u00f4t\u00e9 Sud Mauritius - ACH Conseil - Real Estate Agency","description":"C\u00f4t\u00e9 Sud Mauritius - ACH Conseil - Real Estate Agency dedicated to the south of Mauritius for selling, buying and renting real estate","robots":{"index":"index","follow":"follow","max-snippet":"max-snippet:-1","max-image-preview":"max-image-preview:large","max-video-preview":"max-video-preview:-1"},"canonical":"https:\/\/cote-sud.mu\/en\/privacy-policy\/","og_locale":"en_US","og_type":"article","og_title":"C\u00f4t\u00e9 Sud Mauritius - ACH Conseil - Real Estate Agency","og_description":"C\u00f4t\u00e9 Sud Mauritius - ACH Conseil - Real Estate Agency dedicated to the south of Mauritius for selling, buying and renting real estate","og_url":"https:\/\/cote-sud.mu\/en\/privacy-policy\/","og_site_name":"C\u00f4t\u00e9 Sud","article_publisher":"https:\/\/www.facebook.com\/cotesudmaurice","article_modified_time":"2021-01-21T21:37:04+00:00","twitter_card":"summary_large_image","twitter_misc":{"Est. reading time":"2 minutes"},"schema":{"@context":"https:\/\/schema.org","@graph":[{"@type":"WebPage","@id":"https:\/\/cote-sud.mu\/en\/privacy-policy\/","url":"https:\/\/cote-sud.mu\/en\/privacy-policy\/","name":"C\u00f4t\u00e9 Sud Mauritius - ACH Conseil - Real Estate Agency","isPartOf":{"@id":"https:\/\/cote-sud.mu\/en\/#website"},"datePublished":"2021-01-13T16:34:45+00:00","dateModified":"2021-01-21T21:37:04+00:00","description":"C\u00f4t\u00e9 Sud Mauritius - ACH Conseil - Real Estate Agency dedicated to the south of Mauritius for selling, buying and renting real estate","breadcrumb":{"@id":"https:\/\/cote-sud.mu\/en\/privacy-policy\/#breadcrumb"},"inLanguage":"en-US","potentialAction":[{"@type":"ReadAction","target":["https:\/\/cote-sud.mu\/en\/privacy-policy\/"]}]},{"@type":"BreadcrumbList","@id":"https:\/\/cote-sud.mu\/en\/privacy-policy\/#breadcrumb","itemListElement":[{"@type":"ListItem","position":1,"name":"Accueil","item":"https:\/\/cote-sud.mu\/en\/home\/"},{"@type":"ListItem","position":2,"name":"Privacy policy"}]},{"@type":"WebSite","@id":"https:\/\/cote-sud.mu\/en\/#website","url":"https:\/\/cote-sud.mu\/en\/","name":"C\u00f4t\u00e9 Sud","description":"Southern Mauritius Real Estate Agency","publisher":{"@id":"https:\/\/cote-sud.mu\/en\/#organization"},"potentialAction":[{"@type":"SearchAction","target":{"@type":"EntryPoint","urlTemplate":"https:\/\/cote-sud.mu\/en\/?s={search_term_string}"},"query-input":{"@type":"PropertyValueSpecification","valueRequired":true,"valueName":"search_term_string"}}],"inLanguage":"en-US"},{"@type":"Organization","@id":"https:\/\/cote-sud.mu\/en\/#organization","name":"C\u00f4t\u00e9 Sud","url":"https:\/\/cote-sud.mu\/en\/","logo":{"@type":"ImageObject","inLanguage":"en-US","@id":"https:\/\/cote-sud.mu\/en\/#\/schema\/logo\/image\/","url":"https:\/\/cote-sud.mu\/wp-content\/uploads\/2021\/09\/logo-cote-sud-3.jpg","contentUrl":"https:\/\/cote-sud.mu\/wp-content\/uploads\/2021\/09\/logo-cote-sud-3.jpg","width":2480,"height":2476,"caption":"C\u00f4t\u00e9 Sud"},"image":{"@id":"https:\/\/cote-sud.mu\/en\/#\/schema\/logo\/image\/"},"sameAs":["https:\/\/www.facebook.com\/cotesudmaurice","https:\/\/www.instagram.com\/cotesudmaurice\/?hl=fr"]}]}},"_links":{"self":[{"href":"https:\/\/cote-sud.mu\/en\/wp-json\/wp\/v2\/pages\/6039","targetHints":{"allow":["GET"]}}],"collection":[{"href":"https:\/\/cote-sud.mu\/en\/wp-json\/wp\/v2\/pages"}],"about":[{"href":"https:\/\/cote-sud.mu\/en\/wp-json\/wp\/v2\/types\/page"}],"author":[{"embeddable":true,"href":"https:\/\/cote-sud.mu\/en\/wp-json\/wp\/v2\/users\/7"}],"replies":[{"embeddable":true,"href":"https:\/\/cote-sud.mu\/en\/wp-json\/wp\/v2\/comments?post=6039"}],"version-history":[{"count":0,"href":"https:\/\/cote-sud.mu\/en\/wp-json\/wp\/v2\/pages\/6039\/revisions"}],"wp:attachment":[{"href":"https:\/\/cote-sud.mu\/en\/wp-json\/wp\/v2\/media?parent=6039"}],"curies":[{"name":"wp","href":"https:\/\/api.w.org\/{rel}","templated":true}]}}