{"id":5466,"date":"2021-01-08T16:49:23","date_gmt":"2021-01-08T12:49:23","guid":{"rendered":"https:\/\/cote-sud.mu\/contact\/"},"modified":"2025-11-12T18:08:21","modified_gmt":"2025-11-12T14:08:21","slug":"contact","status":"publish","type":"page","link":"https:\/\/cote-sud.mu\/en\/contact\/","title":{"rendered":"Contact"},"content":{"rendered":"\t\t<div data-elementor-type=\"wp-page\" data-elementor-id=\"5466\" class=\"elementor elementor-5466 elementor-155\">\n\t\t\t\t\t\t<section class=\"elementor-section elementor-top-section elementor-element elementor-element-770afaee elementor-section-boxed elementor-section-height-default elementor-section-height-default\" data-id=\"770afaee\" data-element_type=\"section\">\n\t\t\t\t\t\t<div class=\"elementor-container elementor-column-gap-default\">\n\t\t\t\t\t<div class=\"elementor-column elementor-col-100 elementor-top-column elementor-element elementor-element-667fed1b\" data-id=\"667fed1b\" data-element_type=\"column\">\n\t\t\t<div class=\"elementor-widget-wrap elementor-element-populated\">\n\t\t\t\t\t\t<div class=\"elementor-element elementor-element-73abc127 elementor-widget elementor-widget-text-editor\" data-id=\"73abc127\" data-element_type=\"widget\" data-widget_type=\"text-editor.default\">\n\t\t\t\t<div class=\"elementor-widget-container\">\n\t\t\t\t\t\t\t\t\tDo you have a property project in Mauritius?<br><br>Write to us using the form below, and our team will get back to you as soon as possible!\t\t\t\t\t\t\t\t<\/div>\n\t\t\t\t<\/div>\n\t\t\t\t\t<\/div>\n\t\t<\/div>\n\t\t\t\t\t<\/div>\n\t\t<\/section>\n\t\t\t\t<\/div>\n\t\t","protected":false},"excerpt":{"rendered":"<p>Do you have a property project in Mauritius? Write to us using the form below, and our team will get back to you as soon as possible!<\/p>\n","protected":false},"author":7,"featured_media":20653,"parent":0,"menu_order":0,"comment_status":"closed","ping_status":"closed","template":"templates\/contact.php","meta":{"footnotes":""},"class_list":["post-5466","page","type-page","status-publish","has-post-thumbnail","hentry"],"yoast_head":"<!-- This site is optimized with the Yoast SEO plugin v27.4 - https:\/\/yoast.com\/product\/yoast-seo-wordpress\/ -->\n<title>Contact C\u00f4t\u00e9 Sud, the expert real estate agency in Mauritius<\/title>\n<meta name=\"description\" content=\"C\u00f4t\u00e9 Sud is an estate agency operating throughout Mauritius for the sale, purchase or rental of all types of property.\" \/>\n<meta name=\"robots\" content=\"index, follow, max-snippet:-1, max-image-preview:large, max-video-preview:-1\" \/>\n<link rel=\"canonical\" href=\"https:\/\/cote-sud.mu\/en\/contact\/\" \/>\n<meta property=\"og:locale\" content=\"en_US\" \/>\n<meta property=\"og:type\" content=\"article\" \/>\n<meta property=\"og:title\" content=\"Contact C\u00f4t\u00e9 Sud, the expert real estate agency in Mauritius\" \/>\n<meta property=\"og:description\" content=\"C\u00f4t\u00e9 Sud is an estate agency operating throughout Mauritius for the sale, purchase or rental of all types of property.\" \/>\n<meta property=\"og:url\" content=\"https:\/\/cote-sud.mu\/en\/contact\/\" \/>\n<meta property=\"og:site_name\" content=\"C\u00f4t\u00e9 Sud\" \/>\n<meta property=\"article:publisher\" content=\"https:\/\/www.facebook.com\/cotesudmaurice\" \/>\n<meta property=\"article:modified_time\" content=\"2025-11-12T14:08:21+00:00\" \/>\n<meta property=\"og:image\" content=\"https:\/\/cote-sud.mu\/wp-content\/uploads\/2024\/10\/Untitled_1.1.1_LR-scaled.jpg\" \/>\n\t<meta property=\"og:image:width\" content=\"2560\" \/>\n\t<meta property=\"og:image:height\" content=\"1440\" \/>\n\t<meta property=\"og:image:type\" content=\"image\/jpeg\" \/>\n<meta name=\"twitter:card\" content=\"summary_large_image\" \/>\n<script type=\"application\/ld+json\" class=\"yoast-schema-graph\">{\"@context\":\"https:\\\/\\\/schema.org\",\"@graph\":[{\"@type\":\"WebPage\",\"@id\":\"https:\\\/\\\/cote-sud.mu\\\/en\\\/contact\\\/\",\"url\":\"https:\\\/\\\/cote-sud.mu\\\/en\\\/contact\\\/\",\"name\":\"Contact C\u00f4t\u00e9 Sud, the expert real estate agency in Mauritius\",\"isPartOf\":{\"@id\":\"https:\\\/\\\/cote-sud.mu\\\/en\\\/#website\"},\"primaryImageOfPage\":{\"@id\":\"https:\\\/\\\/cote-sud.mu\\\/en\\\/contact\\\/#primaryimage\"},\"image\":{\"@id\":\"https:\\\/\\\/cote-sud.mu\\\/en\\\/contact\\\/#primaryimage\"},\"thumbnailUrl\":\"https:\\\/\\\/cote-sud.mu\\\/wp-content\\\/uploads\\\/2024\\\/10\\\/Untitled_1.1.1_LR-scaled.jpg\",\"datePublished\":\"2021-01-08T12:49:23+00:00\",\"dateModified\":\"2025-11-12T14:08:21+00:00\",\"description\":\"C\u00f4t\u00e9 Sud is an estate agency operating throughout Mauritius for the sale, purchase or rental of all types of property.\",\"breadcrumb\":{\"@id\":\"https:\\\/\\\/cote-sud.mu\\\/en\\\/contact\\\/#breadcrumb\"},\"inLanguage\":\"en-US\",\"potentialAction\":[{\"@type\":\"ReadAction\",\"target\":[\"https:\\\/\\\/cote-sud.mu\\\/en\\\/contact\\\/\"]}]},{\"@type\":\"ImageObject\",\"inLanguage\":\"en-US\",\"@id\":\"https:\\\/\\\/cote-sud.mu\\\/en\\\/contact\\\/#primaryimage\",\"url\":\"https:\\\/\\\/cote-sud.mu\\\/wp-content\\\/uploads\\\/2024\\\/10\\\/Untitled_1.1.1_LR-scaled.jpg\",\"contentUrl\":\"https:\\\/\\\/cote-sud.mu\\\/wp-content\\\/uploads\\\/2024\\\/10\\\/Untitled_1.1.1_LR-scaled.jpg\",\"width\":2560,\"height\":1440,\"caption\":\"cote sud ile maurice\"},{\"@type\":\"BreadcrumbList\",\"@id\":\"https:\\\/\\\/cote-sud.mu\\\/en\\\/contact\\\/#breadcrumb\",\"itemListElement\":[{\"@type\":\"ListItem\",\"position\":1,\"name\":\"Accueil\",\"item\":\"https:\\\/\\\/cote-sud.mu\\\/en\\\/home\\\/\"},{\"@type\":\"ListItem\",\"position\":2,\"name\":\"Contact\"}]},{\"@type\":\"WebSite\",\"@id\":\"https:\\\/\\\/cote-sud.mu\\\/en\\\/#website\",\"url\":\"https:\\\/\\\/cote-sud.mu\\\/en\\\/\",\"name\":\"C\u00f4t\u00e9 Sud\",\"description\":\"Southern Mauritius Real Estate Agency\",\"publisher\":{\"@id\":\"https:\\\/\\\/cote-sud.mu\\\/en\\\/#organization\"},\"potentialAction\":[{\"@type\":\"SearchAction\",\"target\":{\"@type\":\"EntryPoint\",\"urlTemplate\":\"https:\\\/\\\/cote-sud.mu\\\/en\\\/?s={search_term_string}\"},\"query-input\":{\"@type\":\"PropertyValueSpecification\",\"valueRequired\":true,\"valueName\":\"search_term_string\"}}],\"inLanguage\":\"en-US\"},{\"@type\":\"Organization\",\"@id\":\"https:\\\/\\\/cote-sud.mu\\\/en\\\/#organization\",\"name\":\"C\u00f4t\u00e9 Sud\",\"url\":\"https:\\\/\\\/cote-sud.mu\\\/en\\\/\",\"logo\":{\"@type\":\"ImageObject\",\"inLanguage\":\"en-US\",\"@id\":\"https:\\\/\\\/cote-sud.mu\\\/en\\\/#\\\/schema\\\/logo\\\/image\\\/\",\"url\":\"https:\\\/\\\/cote-sud.mu\\\/wp-content\\\/uploads\\\/2021\\\/09\\\/logo-cote-sud-3.jpg\",\"contentUrl\":\"https:\\\/\\\/cote-sud.mu\\\/wp-content\\\/uploads\\\/2021\\\/09\\\/logo-cote-sud-3.jpg\",\"width\":2480,\"height\":2476,\"caption\":\"C\u00f4t\u00e9 Sud\"},\"image\":{\"@id\":\"https:\\\/\\\/cote-sud.mu\\\/en\\\/#\\\/schema\\\/logo\\\/image\\\/\"},\"sameAs\":[\"https:\\\/\\\/www.facebook.com\\\/cotesudmaurice\",\"https:\\\/\\\/www.instagram.com\\\/cotesudmaurice\\\/?hl=fr\"]}]}<\/script>\n<!-- \/ Yoast SEO plugin. -->","yoast_head_json":{"title":"Contact C\u00f4t\u00e9 Sud, the expert real estate agency in Mauritius","description":"C\u00f4t\u00e9 Sud is an estate agency operating throughout Mauritius for the sale, purchase or rental of all types of property.","robots":{"index":"index","follow":"follow","max-snippet":"max-snippet:-1","max-image-preview":"max-image-preview:large","max-video-preview":"max-video-preview:-1"},"canonical":"https:\/\/cote-sud.mu\/en\/contact\/","og_locale":"en_US","og_type":"article","og_title":"Contact C\u00f4t\u00e9 Sud, the expert real estate agency in Mauritius","og_description":"C\u00f4t\u00e9 Sud is an estate agency operating throughout Mauritius for the sale, purchase or rental of all types of property.","og_url":"https:\/\/cote-sud.mu\/en\/contact\/","og_site_name":"C\u00f4t\u00e9 Sud","article_publisher":"https:\/\/www.facebook.com\/cotesudmaurice","article_modified_time":"2025-11-12T14:08:21+00:00","og_image":[{"width":2560,"height":1440,"url":"https:\/\/cote-sud.mu\/wp-content\/uploads\/2024\/10\/Untitled_1.1.1_LR-scaled.jpg","type":"image\/jpeg"}],"twitter_card":"summary_large_image","schema":{"@context":"https:\/\/schema.org","@graph":[{"@type":"WebPage","@id":"https:\/\/cote-sud.mu\/en\/contact\/","url":"https:\/\/cote-sud.mu\/en\/contact\/","name":"Contact C\u00f4t\u00e9 Sud, the expert real estate agency in Mauritius","isPartOf":{"@id":"https:\/\/cote-sud.mu\/en\/#website"},"primaryImageOfPage":{"@id":"https:\/\/cote-sud.mu\/en\/contact\/#primaryimage"},"image":{"@id":"https:\/\/cote-sud.mu\/en\/contact\/#primaryimage"},"thumbnailUrl":"https:\/\/cote-sud.mu\/wp-content\/uploads\/2024\/10\/Untitled_1.1.1_LR-scaled.jpg","datePublished":"2021-01-08T12:49:23+00:00","dateModified":"2025-11-12T14:08:21+00:00","description":"C\u00f4t\u00e9 Sud is an estate agency operating throughout Mauritius for the sale, purchase or rental of all types of property.","breadcrumb":{"@id":"https:\/\/cote-sud.mu\/en\/contact\/#breadcrumb"},"inLanguage":"en-US","potentialAction":[{"@type":"ReadAction","target":["https:\/\/cote-sud.mu\/en\/contact\/"]}]},{"@type":"ImageObject","inLanguage":"en-US","@id":"https:\/\/cote-sud.mu\/en\/contact\/#primaryimage","url":"https:\/\/cote-sud.mu\/wp-content\/uploads\/2024\/10\/Untitled_1.1.1_LR-scaled.jpg","contentUrl":"https:\/\/cote-sud.mu\/wp-content\/uploads\/2024\/10\/Untitled_1.1.1_LR-scaled.jpg","width":2560,"height":1440,"caption":"cote sud ile maurice"},{"@type":"BreadcrumbList","@id":"https:\/\/cote-sud.mu\/en\/contact\/#breadcrumb","itemListElement":[{"@type":"ListItem","position":1,"name":"Accueil","item":"https:\/\/cote-sud.mu\/en\/home\/"},{"@type":"ListItem","position":2,"name":"Contact"}]},{"@type":"WebSite","@id":"https:\/\/cote-sud.mu\/en\/#website","url":"https:\/\/cote-sud.mu\/en\/","name":"C\u00f4t\u00e9 Sud","description":"Southern Mauritius Real Estate Agency","publisher":{"@id":"https:\/\/cote-sud.mu\/en\/#organization"},"potentialAction":[{"@type":"SearchAction","target":{"@type":"EntryPoint","urlTemplate":"https:\/\/cote-sud.mu\/en\/?s={search_term_string}"},"query-input":{"@type":"PropertyValueSpecification","valueRequired":true,"valueName":"search_term_string"}}],"inLanguage":"en-US"},{"@type":"Organization","@id":"https:\/\/cote-sud.mu\/en\/#organization","name":"C\u00f4t\u00e9 Sud","url":"https:\/\/cote-sud.mu\/en\/","logo":{"@type":"ImageObject","inLanguage":"en-US","@id":"https:\/\/cote-sud.mu\/en\/#\/schema\/logo\/image\/","url":"https:\/\/cote-sud.mu\/wp-content\/uploads\/2021\/09\/logo-cote-sud-3.jpg","contentUrl":"https:\/\/cote-sud.mu\/wp-content\/uploads\/2021\/09\/logo-cote-sud-3.jpg","width":2480,"height":2476,"caption":"C\u00f4t\u00e9 Sud"},"image":{"@id":"https:\/\/cote-sud.mu\/en\/#\/schema\/logo\/image\/"},"sameAs":["https:\/\/www.facebook.com\/cotesudmaurice","https:\/\/www.instagram.com\/cotesudmaurice\/?hl=fr"]}]}},"_links":{"self":[{"href":"https:\/\/cote-sud.mu\/en\/wp-json\/wp\/v2\/pages\/5466","targetHints":{"allow":["GET"]}}],"collection":[{"href":"https:\/\/cote-sud.mu\/en\/wp-json\/wp\/v2\/pages"}],"about":[{"href":"https:\/\/cote-sud.mu\/en\/wp-json\/wp\/v2\/types\/page"}],"author":[{"embeddable":true,"href":"https:\/\/cote-sud.mu\/en\/wp-json\/wp\/v2\/users\/7"}],"replies":[{"embeddable":true,"href":"https:\/\/cote-sud.mu\/en\/wp-json\/wp\/v2\/comments?post=5466"}],"version-history":[{"count":6,"href":"https:\/\/cote-sud.mu\/en\/wp-json\/wp\/v2\/pages\/5466\/revisions"}],"predecessor-version":[{"id":24145,"href":"https:\/\/cote-sud.mu\/en\/wp-json\/wp\/v2\/pages\/5466\/revisions\/24145"}],"wp:featuredmedia":[{"embeddable":true,"href":"https:\/\/cote-sud.mu\/en\/wp-json\/wp\/v2\/media\/20653"}],"wp:attachment":[{"href":"https:\/\/cote-sud.mu\/en\/wp-json\/wp\/v2\/media?parent=5466"}],"curies":[{"name":"wp","href":"https:\/\/api.w.org\/{rel}","templated":true}]}}